{"id":20,"date":"2018-05-24T07:21:08","date_gmt":"2018-05-24T05:21:08","guid":{"rendered":"http:\/\/zahnaesthetik-hanke.de\/?page_id=20"},"modified":"2026-02-23T13:35:16","modified_gmt":"2026-02-23T11:35:16","slug":"unser-team","status":"publish","type":"page","link":"http:\/\/zahnaesthetik-hanke.de\/?page_id=20","title":{"rendered":"Unser Team"},"content":{"rendered":"<div class=\"wp-block-image\">\n<figure class=\"aligncenter size-medium is-resized\"><img loading=\"lazy\" decoding=\"async\" width=\"1707\" height=\"2560\" src=\"https:\/\/zahnaesthetik-hanke.de\/wp-content\/uploads\/2026\/02\/DSC00244-edited-scaled.jpg\" alt=\"\" class=\"wp-image-192\" style=\"width:188px;height:auto\" srcset=\"http:\/\/zahnaesthetik-hanke.de\/wp-content\/uploads\/2026\/02\/DSC00244-edited-scaled.jpg 1707w, http:\/\/zahnaesthetik-hanke.de\/wp-content\/uploads\/2026\/02\/DSC00244-edited-200x300.jpg 200w, http:\/\/zahnaesthetik-hanke.de\/wp-content\/uploads\/2026\/02\/DSC00244-edited-683x1024.jpg 683w, http:\/\/zahnaesthetik-hanke.de\/wp-content\/uploads\/2026\/02\/DSC00244-edited-768x1152.jpg 768w, http:\/\/zahnaesthetik-hanke.de\/wp-content\/uploads\/2026\/02\/DSC00244-edited-1024x1536.jpg 1024w, http:\/\/zahnaesthetik-hanke.de\/wp-content\/uploads\/2026\/02\/DSC00244-edited-1365x2048.jpg 1365w\" sizes=\"auto, (max-width: 1707px) 100vw, 1707px\" \/><\/figure>\n<\/div>\n\n\n<p class=\"has-text-align-center\">Agnes Meier<\/p>\n\n\n\n<p class=\"has-text-align-center\">Kompetenz in allen Belangen der Patienten<\/p>\n\n\n<div class=\"wp-block-image\">\n<figure class=\"aligncenter size-medium is-resized\"><img loading=\"lazy\" decoding=\"async\" width=\"200\" height=\"300\" src=\"https:\/\/zahnaesthetik-hanke.de\/wp-content\/uploads\/2026\/02\/DSC00238-200x300.jpg\" alt=\"\" class=\"wp-image-189\" style=\"width:198px;height:auto\" srcset=\"http:\/\/zahnaesthetik-hanke.de\/wp-content\/uploads\/2026\/02\/DSC00238-200x300.jpg 200w, http:\/\/zahnaesthetik-hanke.de\/wp-content\/uploads\/2026\/02\/DSC00238-683x1024.jpg 683w, http:\/\/zahnaesthetik-hanke.de\/wp-content\/uploads\/2026\/02\/DSC00238-768x1152.jpg 768w, http:\/\/zahnaesthetik-hanke.de\/wp-content\/uploads\/2026\/02\/DSC00238-1024x1536.jpg 1024w, http:\/\/zahnaesthetik-hanke.de\/wp-content\/uploads\/2026\/02\/DSC00238-1365x2048.jpg 1365w, http:\/\/zahnaesthetik-hanke.de\/wp-content\/uploads\/2026\/02\/DSC00238-scaled.jpg 1707w\" sizes=\"auto, (max-width: 200px) 100vw, 200px\" \/><\/figure>\n<\/div>\n\n\n<p class=\"has-text-align-center\">Cornelia Dre\u00dfler<\/p>\n\n\n\n<p class=\"has-text-align-center\">Zahnmedizinische Prophylaxe Assistentin<\/p>\n\n\n<div class=\"wp-block-image\">\n<figure class=\"aligncenter size-medium is-resized\"><img loading=\"lazy\" decoding=\"async\" width=\"1920\" height=\"2560\" src=\"https:\/\/zahnaesthetik-hanke.de\/wp-content\/uploads\/2026\/02\/DSC00255-edited-scaled.jpg\" alt=\"\" class=\"wp-image-193\" style=\"aspect-ratio:0.7500159225527037;width:208px;height:auto\" srcset=\"http:\/\/zahnaesthetik-hanke.de\/wp-content\/uploads\/2026\/02\/DSC00255-edited-scaled.jpg 1920w, http:\/\/zahnaesthetik-hanke.de\/wp-content\/uploads\/2026\/02\/DSC00255-edited-225x300.jpg 225w, http:\/\/zahnaesthetik-hanke.de\/wp-content\/uploads\/2026\/02\/DSC00255-edited-768x1024.jpg 768w, http:\/\/zahnaesthetik-hanke.de\/wp-content\/uploads\/2026\/02\/DSC00255-edited-1152x1536.jpg 1152w, http:\/\/zahnaesthetik-hanke.de\/wp-content\/uploads\/2026\/02\/DSC00255-edited-1536x2048.jpg 1536w\" sizes=\"auto, (max-width: 1920px) 100vw, 1920px\" \/><\/figure>\n<\/div>\n\n\n<p class=\"has-text-align-center\">Dr. Carolin Hanke<\/p>\n\n\n\n<p class=\"has-text-align-center\">Mitglied:&nbsp; Deutsche Gesellschaft f\u00fcr \u00c4sthetische&nbsp;Zahnheilkunde DG\u00c4Z<\/p>\n\n\n\n<p class=\"has-text-align-center\">&nbsp;&nbsp;&nbsp;&nbsp;&nbsp;&nbsp;&nbsp;&nbsp;&nbsp;&nbsp;&nbsp;&nbsp;&nbsp;&nbsp;&nbsp;&nbsp;&nbsp;&nbsp;Deutsche Gesellschaft&nbsp; f\u00fcr Zahn-, Mund und Kieferheilkunde &#8211; DGZMK<\/p>\n\n\n\n<p class=\"has-text-align-center\">&nbsp;<\/p>\n\n\n","protected":false},"excerpt":{"rendered":"<p>Agnes Meier Kompetenz in allen Belangen der Patienten Cornelia Dre\u00dfler Zahnmedizinische Prophylaxe Assistentin Dr. Carolin Hanke Mitglied:&nbsp; Deutsche Gesellschaft f\u00fcr \u00c4sthetische&nbsp;Zahnheilkunde DG\u00c4Z &nbsp;&nbsp;&nbsp;&nbsp;&nbsp;&nbsp;&nbsp;&nbsp;&nbsp;&nbsp;&nbsp;&nbsp;&nbsp;&nbsp;&nbsp;&nbsp;&nbsp;&nbsp;Deutsche Gesellschaft&nbsp; f\u00fcr Zahn-, Mund und Kieferheilkunde &#8211; DGZMK &nbsp;<\/p>\n","protected":false},"author":1,"featured_media":0,"parent":0,"menu_order":0,"comment_status":"closed","ping_status":"closed","template":"","meta":{"footnotes":""},"class_list":["post-20","page","type-page","status-publish","hentry"],"_links":{"self":[{"href":"http:\/\/zahnaesthetik-hanke.de\/index.php?rest_route=\/wp\/v2\/pages\/20","targetHints":{"allow":["GET"]}}],"collection":[{"href":"http:\/\/zahnaesthetik-hanke.de\/index.php?rest_route=\/wp\/v2\/pages"}],"about":[{"href":"http:\/\/zahnaesthetik-hanke.de\/index.php?rest_route=\/wp\/v2\/types\/page"}],"author":[{"embeddable":true,"href":"http:\/\/zahnaesthetik-hanke.de\/index.php?rest_route=\/wp\/v2\/users\/1"}],"replies":[{"embeddable":true,"href":"http:\/\/zahnaesthetik-hanke.de\/index.php?rest_route=%2Fwp%2Fv2%2Fcomments&post=20"}],"version-history":[{"count":26,"href":"http:\/\/zahnaesthetik-hanke.de\/index.php?rest_route=\/wp\/v2\/pages\/20\/revisions"}],"predecessor-version":[{"id":196,"href":"http:\/\/zahnaesthetik-hanke.de\/index.php?rest_route=\/wp\/v2\/pages\/20\/revisions\/196"}],"wp:attachment":[{"href":"http:\/\/zahnaesthetik-hanke.de\/index.php?rest_route=%2Fwp%2Fv2%2Fmedia&parent=20"}],"curies":[{"name":"wp","href":"https:\/\/api.w.org\/{rel}","templated":true}]}}